{"id":18,"date":"2012-11-06T17:24:05","date_gmt":"2012-11-06T17:24:05","guid":{"rendered":"http:\/\/www.mecarapid.es\/web\/?page_id=18"},"modified":"2024-10-08T08:51:12","modified_gmt":"2024-10-08T08:51:12","slug":"funcionamos","status":"publish","type":"page","link":"https:\/\/www.mecarapid.es\/web\/index.php\/funcionamos\/","title":{"rendered":"Funcionamos"},"content":{"rendered":"<h2>Clases de Apoyo para Grupos m\u00ednimos de 4 personas<\/h2>\n<div class=\"ico-precio\">PRECIO\/\/ El precio total se calcula por hora impartida al grupo,<br \/>\nno por hora asistida del alumno.<br \/>\n\/\/La asistencia a clase es responsabilidad del alumno,<br \/>\ny por lo tanto no se descontar\u00e1n<br \/>\n\/\/las horas que el estudiante falte a clase.<br \/>\nPregunta el precio\/hora en la academia.<\/div>\n<div class=\"ico-descuentos\">DESCUENTOS\/\/ Si te inscribes en 2 asignaturas a la vez,<br \/>\nobtienes un 10% dto. en la segunda asignatura iniciada.<br \/>\nSi cursas 3 asignaturas en el centro, obtienes<br \/>\nun 10% dto. en la segunda asignatura y un 20% en<br \/>\nla tercera asignatura iniciada.<\/div>\n<div class=\"ico-pago\">FORMA DE PAGO\/\/ Una vez entregados los recibos mensuales<br \/>\n(a principio de mes, o tras la incorporaci\u00f3n del alumno si<br \/>\n\u00e9sta es posterior al inicio del curso) se dispone de 5 d\u00edas<br \/>\npara efectuar el pago.<br \/>\n\/\/Efectivo en horario de ma\u00f1ana (9.00-14.00).<br \/>\n\/\/Transferencia bancaria en nuestro n\u00ba de cuenta que os<br \/>\nfacilitaremos si lo solicit\u00e1is.<br \/>\n\/\/Domiciliaci\u00f3n en vuestro n\u00famero de cuenta, una vez que nos<br \/>\nlo facilit\u00e9is.<br \/>\n\/\/No se acepta el pago con tarjetas de cr\u00e9dito o cheque.<\/div>\n<div class=\"ico-bajas\">BAJAS\/\/ Si deseas abandonar un curso, deber\u00e1s obligato-<br \/>\nriamente comunicarlo al personal administrativo,<br \/>\nv\u00eda telef\u00f3nica o personalmente. La baja y paralizaci\u00f3n<br \/>\ndel recibo se tendr\u00e1n en cuenta desde la fecha<br \/>\nde comunicaci\u00f3n y en ning\u00fan caso antes. De esta manera<br \/>\nla plaza queda vacante para otro alumno.<\/div>\n<div class=\"ico-cancelaciones\">CANCELACIONES\/\/ Han de pactarse con el profesor y todo el grupo.<br \/>\n\/\/Debe afectar al menos al 50% del grupo.<br \/>\n\/\/En caso de una cancelaci\u00f3n urgente o de \u00faltima hora,<br \/>\nhay que notificarlo en recepci\u00f3n con la antelaci\u00f3n necesaria<br \/>\npara poder avisar al resto del grupo y al profesor.<br \/>\nLa academia mandara un SMS a todos los alumnos indicando<br \/>\nque la clase ha sido anulada.<br \/>\nEn caso de que no recibas dicho SMS en tu m\u00f3vil SI hay clase.<br \/>\n\/\/Para el buen funcionamiento del grupo y en beneficio de todos,<br \/>\nos rogamos evitar cancelaciones de no ser estrictamente necesario.<\/div>\n","protected":false},"excerpt":{"rendered":"<p>Clases de Apoyo para Grupos m\u00ednimos de 4 personas PRECIO\/\/ El precio total se calcula por hora impartida al grupo, no por hora asistida del alumno. \/\/La asistencia a clase es responsabilidad del alumno, y por lo tanto no se descontar\u00e1n \/\/las horas que el estudiante falte a clase. Pregunta el precio\/hora en la academia. <a href=\"https:\/\/www.mecarapid.es\/web\/index.php\/funcionamos\/\"><span class=\"sigue\">[Sigue]<\/span><\/a><\/p>\n","protected":false},"author":1,"featured_media":19,"parent":0,"menu_order":0,"comment_status":"open","ping_status":"open","template":"","meta":{"footnotes":""},"class_list":["post-18","page","type-page","status-publish","has-post-thumbnail","hentry"],"_links":{"self":[{"href":"https:\/\/www.mecarapid.es\/web\/index.php\/wp-json\/wp\/v2\/pages\/18","targetHints":{"allow":["GET"]}}],"collection":[{"href":"https:\/\/www.mecarapid.es\/web\/index.php\/wp-json\/wp\/v2\/pages"}],"about":[{"href":"https:\/\/www.mecarapid.es\/web\/index.php\/wp-json\/wp\/v2\/types\/page"}],"author":[{"embeddable":true,"href":"https:\/\/www.mecarapid.es\/web\/index.php\/wp-json\/wp\/v2\/users\/1"}],"replies":[{"embeddable":true,"href":"https:\/\/www.mecarapid.es\/web\/index.php\/wp-json\/wp\/v2\/comments?post=18"}],"version-history":[{"count":4,"href":"https:\/\/www.mecarapid.es\/web\/index.php\/wp-json\/wp\/v2\/pages\/18\/revisions"}],"predecessor-version":[{"id":1126,"href":"https:\/\/www.mecarapid.es\/web\/index.php\/wp-json\/wp\/v2\/pages\/18\/revisions\/1126"}],"wp:featuredmedia":[{"embeddable":true,"href":"https:\/\/www.mecarapid.es\/web\/index.php\/wp-json\/wp\/v2\/media\/19"}],"wp:attachment":[{"href":"https:\/\/www.mecarapid.es\/web\/index.php\/wp-json\/wp\/v2\/media?parent=18"}],"curies":[{"name":"wp","href":"https:\/\/api.w.org\/{rel}","templated":true}]}}