{"id":998,"date":"2013-05-13T15:13:36","date_gmt":"2013-05-13T15:13:36","guid":{"rendered":"http:\/\/www.mecarapid.es\/web\/?page_id=998"},"modified":"2015-04-28T07:33:34","modified_gmt":"2015-04-28T07:33:34","slug":"mir","status":"publish","type":"page","link":"https:\/\/www.mecarapid.es\/web\/index.php\/asignatura\/mir\/","title":{"rendered":"MIR"},"content":{"rendered":"<p>&gt;&gt; GRUPOS REDUCIDOS (M\u00cdNIMO 5 PERSONAS, M\u00c1XIMO 15)<br \/>\n&gt;&gt; PROFESORES ESPECIALIZADOS EN CADA MATERIA<br \/>\n&gt;&gt; SIMULACROS CONT\u00cdNUOS<br \/>\n&gt;&gt; COMIENZO DESDE EL 15 DE JULIO<br \/>\n&gt;&gt; PRECIOS ECON\u00d3MICOS<\/p>\n<p><a title=\"Descargar documentaci\u00f3n MIR\" href=\"http:\/\/www.mecarapid.es\/web\/wp-content\/uploads\/2013\/05\/MIR_Documentacion.pdf\" target=\"_blank\">Documentaci\u00f3n MIR<\/a><\/p>\n<p><a class=\"ventana\" href=\"http:\/\/www.mecarapid.es\/RealizarPreinscripcion.asp?IdAsignatura=4439\">Preinscripci\u00f3n MIR<\/a><\/p>\n<p><a title=\"Material utilizado, libros Aula MIR\" href=\"http:\/\/www.medicapanamericana.com\/aulaMir.aspx?utm_source=mercarapid&amp;utm_medium=LinkAcademia&amp;utm_campaign=AulaMIR\" target=\"_blank\">Material utilizado Libros Aula MIR<\/a><\/p>\n<p>&nbsp;<\/p>\n","protected":false},"excerpt":{"rendered":"<p>&gt;&gt; GRUPOS REDUCIDOS (M\u00cdNIMO 5 PERSONAS, M\u00c1XIMO 15) &gt;&gt; PROFESORES ESPECIALIZADOS EN CADA MATERIA &gt;&gt; SIMULACROS CONT\u00cdNUOS &gt;&gt; COMIENZO DESDE EL 15 DE JULIO &gt;&gt; PRECIOS ECON\u00d3MICOS Documentaci\u00f3n MIR Preinscripci\u00f3n MIR Material utilizado Libros Aula MIR &nbsp;<\/p>\n","protected":false},"author":1,"featured_media":0,"parent":40,"menu_order":0,"comment_status":"open","ping_status":"open","template":"page-centros.php","meta":{"footnotes":""},"class_list":["post-998","page","type-page","status-publish","hentry"],"_links":{"self":[{"href":"https:\/\/www.mecarapid.es\/web\/index.php\/wp-json\/wp\/v2\/pages\/998","targetHints":{"allow":["GET"]}}],"collection":[{"href":"https:\/\/www.mecarapid.es\/web\/index.php\/wp-json\/wp\/v2\/pages"}],"about":[{"href":"https:\/\/www.mecarapid.es\/web\/index.php\/wp-json\/wp\/v2\/types\/page"}],"author":[{"embeddable":true,"href":"https:\/\/www.mecarapid.es\/web\/index.php\/wp-json\/wp\/v2\/users\/1"}],"replies":[{"embeddable":true,"href":"https:\/\/www.mecarapid.es\/web\/index.php\/wp-json\/wp\/v2\/comments?post=998"}],"version-history":[{"count":13,"href":"https:\/\/www.mecarapid.es\/web\/index.php\/wp-json\/wp\/v2\/pages\/998\/revisions"}],"predecessor-version":[{"id":1001,"href":"https:\/\/www.mecarapid.es\/web\/index.php\/wp-json\/wp\/v2\/pages\/998\/revisions\/1001"}],"up":[{"embeddable":true,"href":"https:\/\/www.mecarapid.es\/web\/index.php\/wp-json\/wp\/v2\/pages\/40"}],"wp:attachment":[{"href":"https:\/\/www.mecarapid.es\/web\/index.php\/wp-json\/wp\/v2\/media?parent=998"}],"curies":[{"name":"wp","href":"https:\/\/api.w.org\/{rel}","templated":true}]}}